{"id":2,"date":"2022-05-03T11:11:46","date_gmt":"2022-05-03T09:11:46","guid":{"rendered":"https:\/\/blstaw.at\/?page_id=2"},"modified":"2022-05-17T10:50:59","modified_gmt":"2022-05-17T08:50:59","slug":"beispiel-seite","status":"publish","type":"page","link":"https:\/\/blstaw.at\/?page_id=2","title":{"rendered":"Bericht Altenberg"},"content":{"rendered":"\n<p><\/p>\n\n\n<section  class='av_textblock_section av-l39wh75d-e24825b9364233bcfe3a6775c003f234'  itemscope=\"itemscope\" itemtype=\"https:\/\/schema.org\/CreativeWork\" ><div class='avia_textblock'  itemprop=\"text\" ><p>Am 21. Februar fand im Gemeindeamt eine Sitzung des Arbeitskreis Altarm-Badesiedlung statt, an der Vertreter*innen der Siedlervereine IGM und KGV, des Arbeiterfischereivereins Muckendorf, sowie Vertreter*innen aller im Gemeinderat vertretenen Fraktionen teilnahmen.<\/p>\n<p><strong>Erfassung aller Boote<\/strong><br \/>\nAuf Verlangen der Via-Donau werden nun alle Boote, die sich im Altarm befinden erfasst. In Zusammenarbeit mit den Vereinen wird eine Liste von Bootsinhabern erstellt, die an die zust\u00e4ndige Stelle bei der Via Donau weitergeleitet werden soll.<\/p>\n<p><strong>Campieren nicht erlaubt<\/strong><br \/>\nAm Altarm ist Campieren nicht erlaubt. Da heuer schon zahlreiche Beschwerden wegen Zeltlagern am Nordufer eingelangt sind, hat die Gemeinde die Betroffenen ersucht, diese Zeltlager zu entfernen.<br \/>\nTrockenheit<br \/>\nAufgrund der Trockenheit gilt au\u00dferdem die Waldbrandverordnung. Daher ist das Rauchen sowie jegliches Feuerentz\u00fcnden im Wald und in dessen Gef\u00e4hrdungsbereich verboten, also auch rund um den Altarm!<\/p>\n<p><strong>Bausperre in der Badesiedlung<\/strong><br \/>\nSeit 14. Februar ist eine Bausperre in der Badesiedlung in Kraft. Dieser Schritt war notwendig, da in den vergangenen Jahren einige Geb\u00e4ude enstanden sind, die durch ihre Kubatur und Gr\u00f6\u00dfe nicht einer Badeh\u00fctte entsprechen, wodurch der Charakter der Badesiedlung gef\u00e4hrdet ist. Die Bebauungsvorschriften sollen nun dementsprechend ge\u00e4ndert werden. W\u00e4hrend der Bausperre ist Bauen in eingeschr\u00e4nktem Ausma\u00df erlaubt.<\/p>\n<p><strong>Str\u00e4ucher und B\u00e4ume an der Grundst\u00fccksgrenze<\/strong><br \/>\nDa nun nach dem Winter alles wieder w\u00e4chst und gedeiht, m\u00f6chte ich noch den dringenden Apell an sie richten, Str\u00e4ucher und B\u00e4ume an der Grundst\u00fccksgrenze so zur\u00fcckzuschneiden, dass sie nicht in die Stra\u00dfen und Wege hineinwachsen. Leider kommt es auf den Verkehrswegen immer wieder zu Behinderungen durch hineinwachsende B\u00e4ume oder Str\u00e4ucher. Bitte achten sie darauf, dass die Befahrbarkeit mit PKW, besonders aber mit Einsatzfahzeugen gew\u00e4hrleistet bleibt.<\/p>\n<\/div><\/section>\n","protected":false},"excerpt":{"rendered":"","protected":false},"author":1,"featured_media":0,"parent":0,"menu_order":0,"comment_status":"closed","ping_status":"open","template":"","meta":{"footnotes":""},"class_list":["post-2","page","type-page","status-publish","hentry"],"_links":{"self":[{"href":"https:\/\/blstaw.at\/index.php?rest_route=\/wp\/v2\/pages\/2","targetHints":{"allow":["GET"]}}],"collection":[{"href":"https:\/\/blstaw.at\/index.php?rest_route=\/wp\/v2\/pages"}],"about":[{"href":"https:\/\/blstaw.at\/index.php?rest_route=\/wp\/v2\/types\/page"}],"author":[{"embeddable":true,"href":"https:\/\/blstaw.at\/index.php?rest_route=\/wp\/v2\/users\/1"}],"replies":[{"embeddable":true,"href":"https:\/\/blstaw.at\/index.php?rest_route=%2Fwp%2Fv2%2Fcomments&post=2"}],"version-history":[{"count":3,"href":"https:\/\/blstaw.at\/index.php?rest_route=\/wp\/v2\/pages\/2\/revisions"}],"predecessor-version":[{"id":379,"href":"https:\/\/blstaw.at\/index.php?rest_route=\/wp\/v2\/pages\/2\/revisions\/379"}],"wp:attachment":[{"href":"https:\/\/blstaw.at\/index.php?rest_route=%2Fwp%2Fv2%2Fmedia&parent=2"}],"curies":[{"name":"wp","href":"https:\/\/api.w.org\/{rel}","templated":true}]}}