{"id":340,"date":"2022-05-10T22:49:57","date_gmt":"2022-05-10T20:49:57","guid":{"rendered":"https:\/\/blstaw.at\/?page_id=340"},"modified":"2022-05-17T13:05:14","modified_gmt":"2022-05-17T11:05:14","slug":"anliegen","status":"publish","type":"page","link":"https:\/\/blstaw.at\/?page_id=340","title":{"rendered":"Anliegen"},"content":{"rendered":"<div class='flex_column av-dwv4k-201759effd118f292d761aa0d5723936 av_one_half  avia-builder-el-0  el_before_av_one_fourth  avia-builder-el-first  first flex_column_div '   ><section  class='av_textblock_section av-l30mmgea-7c93af7fac4dd077b70181632c4b6710'  itemscope=\"itemscope\" itemtype=\"https:\/\/schema.org\/CreativeWork\" ><div class='avia_textblock'  itemprop=\"text\" ><p><strong>Die B\u00fcrgerliste STAW ist eine parteiunabh\u00e4ngige, basisdemokratisch organisierte B\u00fcrgerInnenplattform mit folgenden Forderungen:<\/strong><\/p>\n<ol>\n<li>Im Interesse der B\u00fcrger\/innen handeln, nicht im Parteiinteresse! Jede Handlung, jede Ma\u00dfnahme, jeder Beschluss und jede Investition der Gemeinde m\u00fcssen zum Wohle der Mehrheit aller B\u00fcrgerInnen beitragen!<\/li>\n<li>Strukturen schaffen &#8211; Gemeindekommunikation muss ein Dialog werden! Alle Vorhaben und Beschl\u00fcsse der Gemeinde m\u00fcssen unmittelbar, transparent und objektiv an unsere B\u00fcrgerInnen kommuniziert werden, zu denen Sie eingeladen werden mitzuwirken<\/li>\n<li>Eine vorausschauende Ortsplanung, von der alle B\u00fcrgerInnen unserer Gemeinde profitieren! Gemeinsam m\u00fcssen wir unsere Lebensqualit\u00e4t und Naherholungsgebiete sch\u00fctzen und unsere nat\u00fcrlichen Ressourcen sichern und sinnvoll nutzen!<\/li>\n<\/ol>\n<p>Entgegen anderen Ger\u00fcchten ist die B\u00fcrgerliste STAW keine Koalition mit \u00d6VP und Gr\u00fcn eingegangen, sondern bietet konstruktive Zusammenarbeit mit allen Fraktionen an. Je nach Thema wird entschieden, ob wir daf\u00fcr oder dagegen sind. Da die B\u00fcrgerliste STAW das ber\u00fchmte Z\u00fcnglein an der Waage ist, wurden und werden laufend viele Dinge im Sinne unserer W\u00e4hlerInnen verbessert.<\/p>\n<\/div><\/section><\/div><div class='flex_column av-n6v1o-50897c15b89881c9366498d9861eb1ba av_one_fourth  avia-builder-el-2  el_after_av_one_half  el_before_av_one_fourth  flex_column_div '   ><\/div><\/p>\n<div class='flex_column av-bcumk-5f5f112d195471cd45184bc058619038 av_one_fourth  avia-builder-el-3  el_after_av_one_fourth  avia-builder-el-last  flex_column_div '   ><\/div>\n","protected":false},"excerpt":{"rendered":"","protected":false},"author":1,"featured_media":0,"parent":0,"menu_order":0,"comment_status":"closed","ping_status":"closed","template":"","meta":{"footnotes":""},"class_list":["post-340","page","type-page","status-publish","hentry"],"_links":{"self":[{"href":"https:\/\/blstaw.at\/index.php?rest_route=\/wp\/v2\/pages\/340","targetHints":{"allow":["GET"]}}],"collection":[{"href":"https:\/\/blstaw.at\/index.php?rest_route=\/wp\/v2\/pages"}],"about":[{"href":"https:\/\/blstaw.at\/index.php?rest_route=\/wp\/v2\/types\/page"}],"author":[{"embeddable":true,"href":"https:\/\/blstaw.at\/index.php?rest_route=\/wp\/v2\/users\/1"}],"replies":[{"embeddable":true,"href":"https:\/\/blstaw.at\/index.php?rest_route=%2Fwp%2Fv2%2Fcomments&post=340"}],"version-history":[{"count":3,"href":"https:\/\/blstaw.at\/index.php?rest_route=\/wp\/v2\/pages\/340\/revisions"}],"predecessor-version":[{"id":386,"href":"https:\/\/blstaw.at\/index.php?rest_route=\/wp\/v2\/pages\/340\/revisions\/386"}],"wp:attachment":[{"href":"https:\/\/blstaw.at\/index.php?rest_route=%2Fwp%2Fv2%2Fmedia&parent=340"}],"curies":[{"name":"wp","href":"https:\/\/api.w.org\/{rel}","templated":true}]}}