{"id":434,"date":"2022-10-11T14:56:33","date_gmt":"2022-10-11T12:56:33","guid":{"rendered":"https:\/\/blstaw.at\/?page_id=434"},"modified":"2022-10-11T14:56:34","modified_gmt":"2022-10-11T12:56:34","slug":"ausschuss-fuer-finanzen-badesiedlung","status":"publish","type":"page","link":"https:\/\/blstaw.at\/?page_id=434","title":{"rendered":"Ausschuss f\u00fcr FINANZEN &#038; BADESIEDLUNG"},"content":{"rendered":"<div class='flex_column av-av_three_fourth-a93934ecd89fbb8a9566d39e89cd3725 av_three_fourth  avia-builder-el-0  avia-builder-el-no-sibling  first flex_column_div '   ><p>\n<style type=\"text\/css\" data-created_by=\"avia_inline_auto\" id=\"style-css-av-l947hc1f-6a14ea426400dec01c79bd8a07a64cef\">\n#top .av-special-heading.av-l947hc1f-6a14ea426400dec01c79bd8a07a64cef{\npadding-bottom:10px;\n}\nbody .av-special-heading.av-l947hc1f-6a14ea426400dec01c79bd8a07a64cef .av-special-heading-tag .heading-char{\nfont-size:25px;\n}\n.av-special-heading.av-l947hc1f-6a14ea426400dec01c79bd8a07a64cef .av-subheading{\nfont-size:15px;\n}\n<\/style>\n<div  class='av-special-heading av-l947hc1f-6a14ea426400dec01c79bd8a07a64cef av-special-heading-h3  avia-builder-el-1  el_before_av_textblock  avia-builder-el-first '><h3 class='av-special-heading-tag'  itemprop=\"headline\"  >Ausschuss f\u00fcr FINANZEN <span class='special_amp'>&amp;<\/span> BADESIEDLUNG<\/h3><div class=\"special-heading-border\"><div class=\"special-heading-inner-border\"><\/div><\/div><\/div><br \/>\n<section  class='av_textblock_section av-l947ivvz-ff07e6ed4487e39bcf45c8d432126898'  itemscope=\"itemscope\" itemtype=\"https:\/\/schema.org\/CreativeWork\" ><div class='avia_textblock'  itemprop=\"text\" ><p><strong>Neues Quartier f\u00fcr Rettung<\/strong><br \/>\nAm 6.9. konnte das Rote Kreuz endlich das neue Quartier beziehen, nachdem das alte aufgrund mehrerer M\u00e4ngel im Winter untragbar f\u00fcr die Mitarbeiter des Roten Kreuzes geworden war. Daf\u00fcr wurde der ehemalige Aufenthaltsraum und zwei Garagenboxen am alten Bauhof adaptiert. Die notwendigen Arbeitern wurden von Mitarbeitern des Bauhofs erledigt. Dies soll nun als Zwischenl\u00f6sung bis zu einer langfristigen L\u00f6sung dienen.<\/p>\n<p><strong>2. Nachtragsvoranschlag<\/strong><br \/>\nAm 14.9. fand die Sitzung des Gemeinderatsausschusses f\u00fcr Finanzen und Badesiedlung statt. In dieser stand der 2. Nachtragsvoranschlag 2022 auf der Tagesordnung. Die Ausschussmitglieder empfahlen nach Information und Beratung dar\u00fcber diesen zur Zustimmung im Gemeinderat. Weitere Punkte waren eine Darlehensaufnahme und K\u00fcndigung eines bestehenden Darlehens, Grundst\u00fccksverk\u00e4ufe und \u00c4nderung von Pachtvertr\u00e4gen in der Badesiedlung.<\/p>\n<p><strong>Parkplatz Bahnhof Greifenstein-Altenberg<\/strong><br \/>\nEs wurde ein Plan vorgestellt nach dem der n\u00f6rdliche Bereich des Bahnhofs Altenberg reorganisiert werden soll. In der Vergangenheit ist es wiederholt bei gro\u00dfem Zustrom durch die ungenaue Kennzeichnung der Parkfl\u00e4chen, sowie durch f\u00fcr manche Verkehrsteilnehmern unklare Richtungskennzeichnung zu einem Verkehrsinfarkt gekommen. Regelm\u00e4\u00dfig musste die Polizei einschreiten, da keine Durchfahrt mehr m\u00f6glich war.<\/p>\n<p><strong>Fischtreppe<\/strong><br \/>\nDer Vorsitzende berichtete \u00fcber die von der Via Donau vorgenommen Ma\u00dfnahmen zur Beruhigung der Verkehrssituation auf der schmalen Br\u00fccke \u00fcber die sogenannte Fischtreppe. Da es an dieser Engstelle sehr h\u00e4ufig zu einer Gef\u00e4hrdung von Fu\u00dfg\u00e4ngern durch der Verkehrssituation nicht angemessenen Fahrweise von Radfahrern kommt, hat sich die Via Donau dazu entschlossen, Fahrverbotstafeln mit der Aufschrift \u201eRadfahrer bitte absitzen\u201c aufzustellen. Um die Aufmerksamkeit zu verbessern, wurden zus\u00e4tzlich noch auf beiden Seiten der Br\u00fccke Schwellen montiert. Bleibt zu hoffen, dass diese Ma\u00dfnahmen zu einer Entsch\u00e4rfung der Situation f\u00fchren k\u00f6nnen.<\/p>\n<\/div><\/section><\/p><\/div>\n","protected":false},"excerpt":{"rendered":"","protected":false},"author":3,"featured_media":0,"parent":0,"menu_order":0,"comment_status":"closed","ping_status":"closed","template":"","meta":{"footnotes":""},"class_list":["post-434","page","type-page","status-publish","hentry"],"_links":{"self":[{"href":"https:\/\/blstaw.at\/index.php?rest_route=\/wp\/v2\/pages\/434","targetHints":{"allow":["GET"]}}],"collection":[{"href":"https:\/\/blstaw.at\/index.php?rest_route=\/wp\/v2\/pages"}],"about":[{"href":"https:\/\/blstaw.at\/index.php?rest_route=\/wp\/v2\/types\/page"}],"author":[{"embeddable":true,"href":"https:\/\/blstaw.at\/index.php?rest_route=\/wp\/v2\/users\/3"}],"replies":[{"embeddable":true,"href":"https:\/\/blstaw.at\/index.php?rest_route=%2Fwp%2Fv2%2Fcomments&post=434"}],"version-history":[{"count":1,"href":"https:\/\/blstaw.at\/index.php?rest_route=\/wp\/v2\/pages\/434\/revisions"}],"predecessor-version":[{"id":435,"href":"https:\/\/blstaw.at\/index.php?rest_route=\/wp\/v2\/pages\/434\/revisions\/435"}],"wp:attachment":[{"href":"https:\/\/blstaw.at\/index.php?rest_route=%2Fwp%2Fv2%2Fmedia&parent=434"}],"curies":[{"name":"wp","href":"https:\/\/api.w.org\/{rel}","templated":true}]}}