{"id":459,"date":"2023-04-11T10:26:49","date_gmt":"2023-04-11T08:26:49","guid":{"rendered":"https:\/\/blstaw.at\/?page_id=459"},"modified":"2023-04-11T10:26:50","modified_gmt":"2023-04-11T08:26:50","slug":"wir-haben-gewaehlt","status":"publish","type":"page","link":"https:\/\/blstaw.at\/?page_id=459","title":{"rendered":"Wir haben gew\u00e4hlt"},"content":{"rendered":"<div class='flex_column av-av_three_fourth-a93934ecd89fbb8a9566d39e89cd3725 av_three_fourth  avia-builder-el-0  avia-builder-el-no-sibling  first flex_column_div '   ><p>\n<style type=\"text\/css\" data-created_by=\"avia_inline_auto\" id=\"style-css-av-lgbzxrto-a5acba9dfe9f0b073017f2be970e83c1\">\n#top .av-special-heading.av-lgbzxrto-a5acba9dfe9f0b073017f2be970e83c1{\npadding-bottom:10px;\n}\nbody .av-special-heading.av-lgbzxrto-a5acba9dfe9f0b073017f2be970e83c1 .av-special-heading-tag .heading-char{\nfont-size:25px;\n}\n.av-special-heading.av-lgbzxrto-a5acba9dfe9f0b073017f2be970e83c1 .av-subheading{\nfont-size:15px;\n}\n<\/style>\n<div  class='av-special-heading av-lgbzxrto-a5acba9dfe9f0b073017f2be970e83c1 av-special-heading-h3  avia-builder-el-1  el_before_av_textblock  avia-builder-el-first '><h3 class='av-special-heading-tag'  itemprop=\"headline\"  >Wir haben gew\u00e4hlt<\/h3><div class=\"special-heading-border\"><div class=\"special-heading-inner-border\"><\/div><\/div><\/div><br \/>\n<section  class='av_textblock_section av-lgbzy9nb-c62cb7e83cce0d953b690223ac55a1e0'  itemscope=\"itemscope\" itemtype=\"https:\/\/schema.org\/CreativeWork\" ><div class='avia_textblock'  itemprop=\"text\" ><p>Eine Landtagswahl ist nat\u00fcrlich keine Nationalratswahl und auch auf Gemeindeebene ticken die Uhren oft ganz anders. Die Mitglieder und Unterst\u00fctzer der B\u00fcrgerliste STAW kommen politisch aus den unterschiedlichsten Lagern, sehen sich auf Bundes- und Landesebene von sehr unterschiedlichen Kr\u00e4ften angesprochen und so ist es f\u00fcr uns als basisdemokratisch organisierter Gruppe immer wieder interessant, wie sich die W\u00e4hlerstr\u00f6me in unserer Gemeinde im Unterschied zu den Landeswahlergebnissen entwickeln. Hier z\u00e4hlt halt mehr das Pers\u00f6nliche!<\/p>\n<p><strong>Einige Trends des Urnengangs vom J\u00e4nner 2023 sind in ganz Nieder\u00f6sterreich gleich.<\/strong><br \/>\nDie \u00d6VP hat gegen\u00fcber der Wahl von 2018 mehr als 20% ihrer W\u00e4hlerInnen verloren und eine historische Niederlage erlitten. Was ist geblieben vom einstigen Glanz der alleinigen Macht und Allmacht in diesem Land? Die absolute Mehrheit geht sich nach dem Verlust von 6 der 29 Landtagssitze nicht mal mehr mit Proporz und Trickserei aus. Ja gut, Landeshauptfrau Johanna Mickl-Leitner f\u00fchrt noch immer die stimmenst\u00e4rkste Partei im Land, aber was ist das f\u00fcr ein schwacher Trost.<br \/>\nDie Ursachen sind sicher auch auf Bundesebene zu suchen, doch angesichts der Stimmenzugewinne der Gr\u00fcnen ist eine Regierungsbeteiligung alleine offenbar kein Grund daf\u00fcr, so abgestraft zu werden.<br \/>\nBemerkenswert, aber nicht \u00fcberraschend kam der Erfolg der FP\u00d6, die wie gewohnt mit pauschalen Themen und wenig Inhalten ihre Proteststimmen eingesammelt hat. Hut ab, so kann man offenbar auch zweitst\u00e4rkste Kraft im zweitgr\u00f6\u00dften Bundesland \u00d6sterreichs werden; gemessen an er Bev\u00f6lkerungszahl.<br \/>\nAber was ist mit den Roten passiert? Dass man sich in geopolitisch so unsicheren Zeiten und horrenden Kostensteigerungen bei allen Grundbed\u00fcrfnissen des t\u00e4glichen Lebens in der Regierungsverantwortung keine Freunde in der Bev\u00f6lkerung macht, ist irgendwie logisch. Aber die SP\u00d6 hat es aus der Oppositionsrolle heraus einfach nicht geschafft, auch nur ansatzweise Kapital aus dieser Situation zu schlagen. Am Ende steht ein fettes Minus vor den erhaltenen Stimmen und im Landtag ist einer von 13 Sesseln weg. Man k\u00f6nnte jetzt einfach sagen: den Sessel der SP\u00d6 haben sich die Gr\u00fcnen geschnappt und die 6 Mandate der \u00d6VP sind zur FP\u00d6 gewandert, aber ganz so einfach ist es mit den W\u00e4hlerstr\u00f6men dann doch nicht.<\/p>\n<\/div><\/section><br \/>\n\n<style type=\"text\/css\" data-created_by=\"avia_inline_auto\" id=\"style-css-av-lgbzz09k-1deefda7ae20f4b32cf08204db791d37\">\n.avia-image-container.av-lgbzz09k-1deefda7ae20f4b32cf08204db791d37 .av-image-caption-overlay-center{\ncolor:#ffffff;\n}\n<\/style>\n<div  class='avia-image-container av-lgbzz09k-1deefda7ae20f4b32cf08204db791d37 av-styling- avia-align-center  avia-builder-el-3  el_after_av_textblock  el_before_av_textblock '  itemprop=\"image\" itemscope=\"itemscope\" itemtype=\"https:\/\/schema.org\/ImageObject\" ><div class=\"avia-image-container-inner\"><div class=\"avia-image-overlay-wrap\"><img decoding=\"async\" class='wp-image-460 avia-img-lazy-loading-not-460 avia_image' src=\"https:\/\/blstaw.at\/wp-content\/uploads\/2023\/04\/landtagswahl2023.jpg\" alt='' title='landtagswahl2023'  height=\"790\" width=\"2528\"  itemprop=\"thumbnailUrl\" srcset=\"https:\/\/blstaw.at\/wp-content\/uploads\/2023\/04\/landtagswahl2023.jpg 2528w, https:\/\/blstaw.at\/wp-content\/uploads\/2023\/04\/landtagswahl2023-300x94.jpg 300w, https:\/\/blstaw.at\/wp-content\/uploads\/2023\/04\/landtagswahl2023-1030x322.jpg 1030w, https:\/\/blstaw.at\/wp-content\/uploads\/2023\/04\/landtagswahl2023-768x240.jpg 768w, https:\/\/blstaw.at\/wp-content\/uploads\/2023\/04\/landtagswahl2023-1536x480.jpg 1536w, https:\/\/blstaw.at\/wp-content\/uploads\/2023\/04\/landtagswahl2023-2048x640.jpg 2048w, https:\/\/blstaw.at\/wp-content\/uploads\/2023\/04\/landtagswahl2023-1500x469.jpg 1500w, https:\/\/blstaw.at\/wp-content\/uploads\/2023\/04\/landtagswahl2023-705x220.jpg 705w\" sizes=\"(max-width: 2528px) 100vw, 2528px\" \/><\/div><\/div><\/div><br \/>\n<section  class='av_textblock_section av-lgc00zun-7e71f1c7456fe64799849c023dc02bbd'  itemscope=\"itemscope\" itemtype=\"https:\/\/schema.org\/CreativeWork\" ><div class='avia_textblock'  itemprop=\"text\" ><p><strong>Das bemerkenswerte Ergebnis in unserer Gemeinde.<\/strong><br \/>\nWas sofort ins Auge sticht, ist das im Vergleich zum Landesschnitt extrem hohe Niveau der Gr\u00fcnen, was beweist, dass flei\u00dfige, b\u00fcrgernahe Lokalpolitik auch in einem schwierigen Umfeld Fr\u00fcchte tr\u00e4gt! Kompliment an Ulli Fischer und ihr wirklich starkes Team f\u00fcr knapp 18% Stimmenanteil und zur Verteidigung der dritten Position, trotz der Steigerung bei der FP\u00d6 auch in unserer Gemeinde.<br \/>\nLeider zeigen die Ergebnisse von \u00d6VP und SP\u00d6, dass man so stark ausgepr\u00e4gten, negativen Trends auf Landesebene auch auf Gemeindeebene manchmal nichts entgegen zu setzen hat. Die B\u00fcrgermeisterpartei rund um Max Titz ist mit einem Verlust von 8,7% der Stimmanteile deutlich abgerutscht, ihr Vorsprung gegen\u00fcber der SP\u00d6 ist dabei merklich geschrumpft. Aber auch die in unserer Gemeinde zuletzt immer farbloser wirkende SP\u00d6 liegt weiter auf dem wenig befriedigenden Niveau der Landespartei. Mit nur mehr knapp \u00fcber 20% Zuspruch der W\u00e4hlerschaft muss man sich hier zweifellos bald was \u00fcberlegen.<br \/>\nGute Arbeit darf man in St.Andr\u00e4-W\u00f6rdern hingegen den NEOS bescheinigen. 9,1% der abgegebenen Stimmen sind ein starkes Signal, der Aufw\u00e4rtstrend auf lokaler Ebene ist ungebrochen, wenngleich man bei den NEOS, \u00e4hnlich wie bei den Gr\u00fcnen, nicht ganz an die Ergebnisse der Nationalratswahl 2019 ankn\u00fcpfen konnte. Aber das ist eine andere Geschichte&#8230;<\/p>\n<\/div><\/section><\/p><\/div>\n","protected":false},"excerpt":{"rendered":"","protected":false},"author":1,"featured_media":0,"parent":0,"menu_order":0,"comment_status":"closed","ping_status":"closed","template":"","meta":{"footnotes":""},"class_list":["post-459","page","type-page","status-publish","hentry"],"_links":{"self":[{"href":"https:\/\/blstaw.at\/index.php?rest_route=\/wp\/v2\/pages\/459","targetHints":{"allow":["GET"]}}],"collection":[{"href":"https:\/\/blstaw.at\/index.php?rest_route=\/wp\/v2\/pages"}],"about":[{"href":"https:\/\/blstaw.at\/index.php?rest_route=\/wp\/v2\/types\/page"}],"author":[{"embeddable":true,"href":"https:\/\/blstaw.at\/index.php?rest_route=\/wp\/v2\/users\/1"}],"replies":[{"embeddable":true,"href":"https:\/\/blstaw.at\/index.php?rest_route=%2Fwp%2Fv2%2Fcomments&post=459"}],"version-history":[{"count":1,"href":"https:\/\/blstaw.at\/index.php?rest_route=\/wp\/v2\/pages\/459\/revisions"}],"predecessor-version":[{"id":461,"href":"https:\/\/blstaw.at\/index.php?rest_route=\/wp\/v2\/pages\/459\/revisions\/461"}],"wp:attachment":[{"href":"https:\/\/blstaw.at\/index.php?rest_route=%2Fwp%2Fv2%2Fmedia&parent=459"}],"curies":[{"name":"wp","href":"https:\/\/api.w.org\/{rel}","templated":true}]}}