{"id":476,"date":"2023-04-25T09:10:22","date_gmt":"2023-04-25T07:10:22","guid":{"rendered":"https:\/\/blstaw.at\/?page_id=476"},"modified":"2023-04-25T09:10:23","modified_gmt":"2023-04-25T07:10:23","slug":"hochwasserschutz","status":"publish","type":"page","link":"https:\/\/blstaw.at\/?page_id=476","title":{"rendered":"Hochwasserschutz"},"content":{"rendered":"<div class='flex_column av-av_three_fourth-a93934ecd89fbb8a9566d39e89cd3725 av_three_fourth  avia-builder-el-0  avia-builder-el-no-sibling  first flex_column_div '   ><p>\n<style type=\"text\/css\" data-created_by=\"avia_inline_auto\" id=\"style-css-av-lgvxeqt8-d2fd160d3a33238b4fd80da9f12f9f72\">\n#top .av-special-heading.av-lgvxeqt8-d2fd160d3a33238b4fd80da9f12f9f72{\npadding-bottom:10px;\n}\nbody .av-special-heading.av-lgvxeqt8-d2fd160d3a33238b4fd80da9f12f9f72 .av-special-heading-tag .heading-char{\nfont-size:25px;\n}\n.av-special-heading.av-lgvxeqt8-d2fd160d3a33238b4fd80da9f12f9f72 .av-subheading{\nfont-size:15px;\n}\n<\/style>\n<div  class='av-special-heading av-lgvxeqt8-d2fd160d3a33238b4fd80da9f12f9f72 av-special-heading-h3  avia-builder-el-1  el_before_av_image  avia-builder-el-first '><h3 class='av-special-heading-tag'  itemprop=\"headline\"  >Der neue Hochwasserschutz<\/h3><div class=\"special-heading-border\"><div class=\"special-heading-inner-border\"><\/div><\/div><\/div><br \/>\n\n<style type=\"text\/css\" data-created_by=\"avia_inline_auto\" id=\"style-css-av-lgvxfc2h-723c20df2c89f0959653eef7290206b0\">\n.avia-image-container.av-lgvxfc2h-723c20df2c89f0959653eef7290206b0 .av-image-caption-overlay-center{\ncolor:#ffffff;\n}\n<\/style>\n<div  class='avia-image-container av-lgvxfc2h-723c20df2c89f0959653eef7290206b0 av-styling- avia-align-center  avia-builder-el-2  el_after_av_heading  el_before_av_textblock '  itemprop=\"image\" itemscope=\"itemscope\" itemtype=\"https:\/\/schema.org\/ImageObject\" ><div class=\"avia-image-container-inner\"><div class=\"avia-image-overlay-wrap\"><img decoding=\"async\" class='wp-image-477 avia-img-lazy-loading-not-477 avia_image' src=\"https:\/\/blstaw.at\/wp-content\/uploads\/2023\/04\/Visualisierung-hagenbach-neu.png\" alt='' title='Visualisierung hagenbach neu'  height=\"578\" width=\"817\"  itemprop=\"thumbnailUrl\" srcset=\"https:\/\/blstaw.at\/wp-content\/uploads\/2023\/04\/Visualisierung-hagenbach-neu.png 817w, https:\/\/blstaw.at\/wp-content\/uploads\/2023\/04\/Visualisierung-hagenbach-neu-300x212.png 300w, https:\/\/blstaw.at\/wp-content\/uploads\/2023\/04\/Visualisierung-hagenbach-neu-768x543.png 768w, https:\/\/blstaw.at\/wp-content\/uploads\/2023\/04\/Visualisierung-hagenbach-neu-260x185.png 260w, https:\/\/blstaw.at\/wp-content\/uploads\/2023\/04\/Visualisierung-hagenbach-neu-705x499.png 705w\" sizes=\"(max-width: 817px) 100vw, 817px\" \/><\/div><\/div><\/div><br \/>\n<section  class='av_textblock_section av-lgvxgmok-dfcadb4aa59e03d4cb4ebc3fc036cd9d'  itemscope=\"itemscope\" itemtype=\"https:\/\/schema.org\/CreativeWork\" ><div class='avia_textblock'  itemprop=\"text\" ><p>Am 15.03.2023 wurde den Mitgliedern des Gemeinderats das neue Projekt f\u00fcr den Hochwasserschutz vorgestellt. Das Interesse schien bei den meisten Fraktionen nicht sehr gro\u00df, doch brachte es eine positive \u00dcberraschung: Der urspr\u00fcnglich angedachte harte Verbau wurde verworfen und stattdessen auf die von der B\u00fcrgerliste seit Jahren geforderte Renaturierung gesetzt.<\/p>\n<p>So werden die D\u00e4mme an die Grundst\u00fccksgrenzen rausger\u00fcckt und abgeflacht. Dadurch soll eine rund drei bis vier Meter breite Bachsohle entstehen, in der der Hagenbach durch Buhnen und andere Ma\u00dfnahmen meandern kann. Die B\u00f6schungen werden in flacheren Winkeln gestaltet und begr\u00fcnt. Ein Gel\u00e4nder zur Absturzsicherung ist nicht mehr notwendig. Somit ist auch der freie Zugang zum Bach gegeben. Das Bachbett selbst soll mit Steinen und Schotter naturnah gestaltet werden, damit dort ebenfalls Pflanzen wachsen k\u00f6nnen. Dadurch soll der Bach auch wieder neuen Lebensraum f\u00fcr Fische und andere Wasserlebewesen bieten. Bei der Pr\u00e4sentation wurde auch deutlich, dass dies die weit bessere und \u00f6kologischere Ma\u00dfnahme ist, als das vor Jahren geplante Retentionsbecken in der Hagenbachklamm, gegen das die B\u00fcrgerliste 2015 massiv aufgetreten ist, was schlie\u00dflich den Ansto\u00df zur kompletten \u00dcberarbeitung des Hochwasserschutzprojekts gab!<\/p>\n<p>Unsere konsequente Arbeit lohnt sich f\u00fcr unsere Gemeinde!<br \/>\nDieses Ergebnis ist ein sch\u00f6nes Beispiel daf\u00fcr, dass unsere beharrliche Arbeit viel Positives bewirkt, auch wenn das f\u00fcr die \u00d6ffentlichkeit nicht immer sichtbar ist und von den \u00fcbrigen Fraktionen im Gemeinderat h\u00e4ufig anders dargestellt wird.<\/p>\n<p>Nat\u00fcrlich werden wir bei diesem Projekt besonders darauf achten, dass es nicht zu weiteren eklatanten Kosten\u00fcberschreitungen kommt, so wie es bei der Unterf\u00fchrung der Fall war.<\/p>\n<\/div><\/section><\/p><\/div>\n","protected":false},"excerpt":{"rendered":"","protected":false},"author":3,"featured_media":0,"parent":0,"menu_order":0,"comment_status":"closed","ping_status":"closed","template":"","meta":{"footnotes":""},"class_list":["post-476","page","type-page","status-publish","hentry"],"_links":{"self":[{"href":"https:\/\/blstaw.at\/index.php?rest_route=\/wp\/v2\/pages\/476","targetHints":{"allow":["GET"]}}],"collection":[{"href":"https:\/\/blstaw.at\/index.php?rest_route=\/wp\/v2\/pages"}],"about":[{"href":"https:\/\/blstaw.at\/index.php?rest_route=\/wp\/v2\/types\/page"}],"author":[{"embeddable":true,"href":"https:\/\/blstaw.at\/index.php?rest_route=\/wp\/v2\/users\/3"}],"replies":[{"embeddable":true,"href":"https:\/\/blstaw.at\/index.php?rest_route=%2Fwp%2Fv2%2Fcomments&post=476"}],"version-history":[{"count":1,"href":"https:\/\/blstaw.at\/index.php?rest_route=\/wp\/v2\/pages\/476\/revisions"}],"predecessor-version":[{"id":478,"href":"https:\/\/blstaw.at\/index.php?rest_route=\/wp\/v2\/pages\/476\/revisions\/478"}],"wp:attachment":[{"href":"https:\/\/blstaw.at\/index.php?rest_route=%2Fwp%2Fv2%2Fmedia&parent=476"}],"curies":[{"name":"wp","href":"https:\/\/api.w.org\/{rel}","templated":true}]}}